{"id":38,"date":"2022-01-20T20:55:16","date_gmt":"2022-01-20T20:55:16","guid":{"rendered":"https:\/\/3pstudios.com.co\/?page_id=38"},"modified":"2026-03-11T22:23:21","modified_gmt":"2026-03-11T22:23:21","slug":"nosotros","status":"publish","type":"page","link":"https:\/\/3pstudios.com.co\/en\/nosotros\/","title":{"rendered":"NOSOTROS"},"content":{"rendered":"<style>.elementor-38 .elementor-element.elementor-element-385b2b2 > .elementor-container{max-width:750px;}.elementor-38 .elementor-element.elementor-element-385b2b2:not(.elementor-motion-effects-element-type-background), .elementor-38 .elementor-element.elementor-element-385b2b2 > .elementor-motion-effects-container > .elementor-motion-effects-layer{background-color:#000000;}.elementor-38 .elementor-element.elementor-element-385b2b2 > .elementor-background-overlay{opacity:0.19;transition:background 0.3s, border-radius 0.3s, opacity 0.3s;}.elementor-38 .elementor-element.elementor-element-385b2b2{transition:background 0.3s, border 0.3s, border-radius 0.3s, box-shadow 0.3s;}.elementor-38 .elementor-element.elementor-element-350118f{--spacer-size:50px;}.elementor-widget-heading .elementor-heading-title{font-family:var( --e-global-typography-primary-font-family ), Sans-serif;font-weight:var( --e-global-typography-primary-font-weight );color:var( --e-global-color-primary );}.elementor-38 .elementor-element.elementor-element-791faa0{text-align:center;}.elementor-38 .elementor-element.elementor-element-791faa0 .elementor-heading-title{font-family:\"Armata\", Sans-serif;font-size:45px;font-weight:400;text-transform:uppercase;letter-spacing:1px;color:#FFDC3A;}.elementor-widget-text-editor{font-family:var( --e-global-typography-text-font-family ), Sans-serif;font-weight:var( --e-global-typography-text-font-weight );color:var( --e-global-color-text );}.elementor-widget-text-editor.elementor-drop-cap-view-stacked .elementor-drop-cap{background-color:var( --e-global-color-primary );}.elementor-widget-text-editor.elementor-drop-cap-view-framed .elementor-drop-cap, .elementor-widget-text-editor.elementor-drop-cap-view-default .elementor-drop-cap{color:var( --e-global-color-primary );border-color:var( --e-global-color-primary );}.elementor-38 .elementor-element.elementor-element-21dba99{text-align:center;font-family:\"Armata\", Sans-serif;font-size:17px;font-weight:400;color:#FFFFFF;}.elementor-38 .elementor-element.elementor-element-17a71f8{--spacer-size:50px;}.elementor-38 .elementor-element.elementor-element-994bb6f:not(.elementor-motion-effects-element-type-background), .elementor-38 .elementor-element.elementor-element-994bb6f > .elementor-motion-effects-container > .elementor-motion-effects-layer{background-color:#000000;}.elementor-38 .elementor-element.elementor-element-994bb6f > .elementor-background-overlay{opacity:0.2;transition:background 0.3s, border-radius 0.3s, opacity 0.3s;}.elementor-38 .elementor-element.elementor-element-994bb6f{transition:background 0.3s, border 0.3s, border-radius 0.3s, box-shadow 0.3s;}.elementor-38 .elementor-element.elementor-element-59331b4{--spacer-size:50px;}.elementor-38 .elementor-element.elementor-element-87b15ca{text-align:center;}.elementor-38 .elementor-element.elementor-element-87b15ca .elementor-heading-title{font-family:\"Bebas Neue\", Sans-serif;font-size:94px;font-weight:400;text-transform:uppercase;letter-spacing:1px;color:#FFDC3A;}.elementor-38 .elementor-element.elementor-element-c612b93 > .elementor-container{max-width:847px;}.elementor-38 .elementor-element.elementor-element-e07f215 .pt_plus_info_box .info-box-inner .service-flipbox,.elementor-38 .elementor-element.elementor-element-e07f215 .pt_plus_info_box .info-box-inner .service-flipbox-front,.elementor-38 .elementor-element.elementor-element-e07f215 .pt_plus_info_box .info-box-inner .service-flipbox-back{min-height:355px;}.elementor-38 .elementor-element.elementor-element-e07f215 .pt_plus_info_box .info-box-inner .service-icon{font-size:25px !important;width:50px !important;height:50px !important;line-height:50px !important;text-align:center;}.elementor-38 .elementor-element.elementor-element-e07f215 .pt_plus_info_box .info-box-inner .service-icon svg{width:25px !important;height:25px !important;}.elementor-38 .elementor-element.elementor-element-e07f215 .pt_plus_info_box.info-box-style_5 .info-box-inner .service-title{margin-top:0px;margin-bottom:0px;}.elementor-38 .elementor-element.elementor-element-e07f215 .pt_plus_info_box .info-box-inner .service-title{font-family:\"Bebas Neue\", Sans-serif;font-size:39px;color:#FFFFFF;}.elementor-38 .elementor-element.elementor-element-e07f215 .pt_plus_info_box .info-box-inner:hover .service-title{color:#3351a6;}.elementor-38 .elementor-element.elementor-element-e07f215 .pt_plus_info_box .info-box-inner .service-desc,.elementor-38 .elementor-element.elementor-element-e07f215 .pt_plus_info_box .info-box-inner .service-desc p{color:#FFFFFF;}.elementor-38 .elementor-element.elementor-element-e07f215 .pt_plus_button .button-link-wrap{padding:15px 30px 15px 30px;}.elementor-38 .elementor-element.elementor-element-e07f215 .pt_plus_button .button-link-wrap svg{width:20px;height:20px;}.elementor-38 .elementor-element.elementor-element-e07f215 .pt_plus_button.button-style-8 .button-link-wrap{border-style:solid;border-width:1px 1px 1px 1px;border-color:#313131;}.elementor-38 .elementor-element.elementor-element-e07f215 .pt_plus_button.button-style-8 .button-link-wrap:hover{border-color:#313131;}.elementor-38 .elementor-element.elementor-element-e07f215 .pt_plus_info_box .info-box-inner .service-flipbox-front{background-color:#000000;}.elementor-38 .elementor-element.elementor-element-e07f215 .pt_plus_info_box .info-box-inner .infobox-back-overlay{background:#3C3C3C;}.elementor-38 .elementor-element.elementor-element-e07f215 .pt_plus_info_box .info-box-inner .info-box-bg-box{padding:15px 15px 15px 15px;}.elementor-38 .elementor-element.elementor-element-89cce84 .pt_plus_info_box .info-box-inner .service-flipbox,.elementor-38 .elementor-element.elementor-element-89cce84 .pt_plus_info_box .info-box-inner .service-flipbox-front,.elementor-38 .elementor-element.elementor-element-89cce84 .pt_plus_info_box .info-box-inner .service-flipbox-back{min-height:355px;}.elementor-38 .elementor-element.elementor-element-89cce84 .pt_plus_info_box .info-box-inner .service-icon{font-size:25px !important;width:50px !important;height:50px !important;line-height:50px !important;text-align:center;}.elementor-38 .elementor-element.elementor-element-89cce84 .pt_plus_info_box .info-box-inner .service-icon svg{width:25px !important;height:25px !important;}.elementor-38 .elementor-element.elementor-element-89cce84 .pt_plus_info_box.info-box-style_5 .info-box-inner .service-title{margin-top:14px;margin-bottom:0px;}.elementor-38 .elementor-element.elementor-element-89cce84 .pt_plus_info_box .info-box-inner .service-title{font-family:\"Bebas Neue\", Sans-serif;font-size:39px;color:#FFFFFF;}.elementor-38 .elementor-element.elementor-element-89cce84 .pt_plus_info_box .info-box-inner:hover .service-title{color:#3351a6;}.elementor-38 .elementor-element.elementor-element-89cce84 .pt_plus_info_box .info-box-inner .service-desc,.elementor-38 .elementor-element.elementor-element-89cce84 .pt_plus_info_box .info-box-inner .service-desc p{color:#FFF0F0;}.elementor-38 .elementor-element.elementor-element-89cce84 .pt_plus_button .button-link-wrap{padding:15px 30px 15px 30px;}.elementor-38 .elementor-element.elementor-element-89cce84 .pt_plus_button .button-link-wrap svg{width:20px;height:20px;}.elementor-38 .elementor-element.elementor-element-89cce84 .pt_plus_button.button-style-8 .button-link-wrap{border-style:solid;border-width:1px 1px 1px 1px;border-color:#313131;}.elementor-38 .elementor-element.elementor-element-89cce84 .pt_plus_button.button-style-8 .button-link-wrap:hover{border-color:#313131;}.elementor-38 .elementor-element.elementor-element-89cce84 .pt_plus_info_box .info-box-inner .infobox-front-overlay{background:#000000;}.elementor-38 .elementor-element.elementor-element-89cce84 .pt_plus_info_box .info-box-inner .infobox-back-overlay{background:#3C3C3C;}.elementor-38 .elementor-element.elementor-element-89cce84 .pt_plus_info_box .info-box-inner .service-flipbox-front{box-shadow:0px 0px 10px 0px rgba(0,0,0,0.5);}.elementor-38 .elementor-element.elementor-element-89cce84 .pt_plus_info_box .info-box-inner .info-box-bg-box{padding:15px 15px 15px 15px;}.elementor-38 .elementor-element.elementor-element-02fd7df{--spacer-size:50px;}@media(max-width:1024px){.elementor-38 .elementor-element.elementor-element-e07f215 .pt_plus_info_box .info-box-inner .service-icon{font-size:25px !important;}.elementor-38 .elementor-element.elementor-element-e07f215 .pt_plus_info_box .info-box-inner .service-icon svg{width:25px !important;height:25px !important;}.elementor-38 .elementor-element.elementor-element-e07f215 .pt_plus_info_box.info-box-style_5 .info-box-inner .service-title{margin-top:0px;margin-bottom:0px;}.elementor-38 .elementor-element.elementor-element-89cce84 .pt_plus_info_box .info-box-inner .service-icon{font-size:25px !important;}.elementor-38 .elementor-element.elementor-element-89cce84 .pt_plus_info_box .info-box-inner .service-icon svg{width:25px !important;height:25px !important;}.elementor-38 .elementor-element.elementor-element-89cce84 .pt_plus_info_box.info-box-style_5 .info-box-inner .service-title{margin-top:0px;margin-bottom:0px;}}@media(max-width:767px){.elementor-38 .elementor-element.elementor-element-e07f215 .pt_plus_info_box .info-box-inner .service-icon{font-size:25px !important;}.elementor-38 .elementor-element.elementor-element-e07f215 .pt_plus_info_box .info-box-inner .service-icon svg{width:25px !important;height:25px !important;}.elementor-38 .elementor-element.elementor-element-e07f215 .pt_plus_info_box.info-box-style_5 .info-box-inner .service-title{margin-top:0px;margin-bottom:0px;}.elementor-38 .elementor-element.elementor-element-89cce84 .pt_plus_info_box .info-box-inner .service-icon{font-size:25px !important;}.elementor-38 .elementor-element.elementor-element-89cce84 .pt_plus_info_box .info-box-inner .service-icon svg{width:25px !important;height:25px !important;}.elementor-38 .elementor-element.elementor-element-89cce84 .pt_plus_info_box.info-box-style_5 .info-box-inner .service-title{margin-top:0px;margin-bottom:0px;}}<\/style>\t\t<div data-elementor-type=\"wp-page\" data-elementor-id=\"38\" class=\"elementor elementor-38\">\n\t\t\t\t\t\t<section class=\"elementor-section elementor-top-section elementor-element elementor-element-385b2b2 elementor-section-stretched elementor-section-boxed elementor-section-height-default elementor-section-height-default wpr-particle-no wpr-jarallax-no wpr-parallax-no wpr-sticky-section-no wpr-equal-height-no\" data-id=\"385b2b2\" data-element_type=\"section\" data-e-type=\"section\" data-settings=\"{&quot;stretch_section&quot;:&quot;section-stretched&quot;,&quot;background_background&quot;:&quot;classic&quot;}\">\n\t\t\t\t\t\t\t<div class=\"elementor-background-overlay\"><\/div>\n\t\t\t\t\t\t\t<div class=\"elementor-container elementor-column-gap-default\">\n\t\t\t\t\t<div class=\"elementor-column elementor-col-100 elementor-top-column elementor-element elementor-element-42fb8bd\" data-id=\"42fb8bd\" data-element_type=\"column\" data-e-type=\"column\">\n\t\t\t<div class=\"elementor-widget-wrap elementor-element-populated\">\n\t\t\t\t\t\t<div class=\"elementor-element elementor-element-350118f elementor-widget elementor-widget-spacer\" data-id=\"350118f\" data-element_type=\"widget\" data-e-type=\"widget\" data-widget_type=\"spacer.default\">\n\t\t\t\t<div class=\"elementor-widget-container\">\n\t\t\t\t\t\t\t<div class=\"elementor-spacer\">\n\t\t\t<div class=\"elementor-spacer-inner\"><\/div>\n\t\t<\/div>\n\t\t\t\t\t\t<\/div>\n\t\t\t\t<\/div>\n\t\t\t\t<div class=\"elementor-element elementor-element-791faa0 elementor-invisible elementor-widget elementor-widget-heading\" data-id=\"791faa0\" data-element_type=\"widget\" data-e-type=\"widget\" data-settings=\"{&quot;_animation&quot;:&quot;fadeInUp&quot;}\" data-widget_type=\"heading.default\">\n\t\t\t\t<div class=\"elementor-widget-container\">\n\t\t\t\t\t<h2 class=\"elementor-heading-title elementor-size-default\">3P Studios<\/h2>\t\t\t\t<\/div>\n\t\t\t\t<\/div>\n\t\t\t\t<div class=\"elementor-element elementor-element-21dba99 elementor-invisible elementor-widget elementor-widget-text-editor\" data-id=\"21dba99\" data-element_type=\"widget\" data-e-type=\"widget\" data-settings=\"{&quot;_animation&quot;:&quot;fadeInDown&quot;}\" data-widget_type=\"text-editor.default\">\n\t\t\t\t<div class=\"elementor-widget-container\">\n\t\t\t\t\t\t\t\t\t<p>3P Studios es una productora audiovisual con un enfoque cinematogr\u00e1fico, ubicada en Medell\u00edn, Colombia.<\/p><p>Con m\u00e1s de 8 a\u00f1os de experiencia en la industria, nos hemos consolidado como una empresa importante en la creaci\u00f3n de contenido audiovisual de alta calidad.<\/p><p>En 3P Studios, nos enorgullecemos de nuestra capacidad para contar historias a trav\u00e9s del lenguaje cinematogr\u00e1fico, aprovechando la sesibilidad y la creatividad para hacerlo<\/p>\t\t\t\t\t\t\t\t<\/div>\n\t\t\t\t<\/div>\n\t\t\t\t<div class=\"elementor-element elementor-element-17a71f8 elementor-widget elementor-widget-spacer\" data-id=\"17a71f8\" data-element_type=\"widget\" data-e-type=\"widget\" data-widget_type=\"spacer.default\">\n\t\t\t\t<div class=\"elementor-widget-container\">\n\t\t\t\t\t\t\t<div class=\"elementor-spacer\">\n\t\t\t<div class=\"elementor-spacer-inner\"><\/div>\n\t\t<\/div>\n\t\t\t\t\t\t<\/div>\n\t\t\t\t<\/div>\n\t\t\t\t\t<\/div>\n\t\t<\/div>\n\t\t\t\t\t<\/div>\n\t\t<\/section>\n\t\t\t\t<section class=\"elementor-section elementor-top-section elementor-element elementor-element-994bb6f elementor-section-boxed elementor-section-height-default elementor-section-height-default wpr-particle-no wpr-jarallax-no wpr-parallax-no wpr-sticky-section-no wpr-equal-height-no\" data-id=\"994bb6f\" data-element_type=\"section\" data-e-type=\"section\" data-settings=\"{&quot;background_background&quot;:&quot;classic&quot;}\">\n\t\t\t\t\t\t\t<div class=\"elementor-background-overlay\"><\/div>\n\t\t\t\t\t\t\t<div class=\"elementor-container elementor-column-gap-default\">\n\t\t\t\t\t<div class=\"elementor-column elementor-col-100 elementor-top-column elementor-element elementor-element-1759d8e\" data-id=\"1759d8e\" data-element_type=\"column\" data-e-type=\"column\">\n\t\t\t<div class=\"elementor-widget-wrap elementor-element-populated\">\n\t\t\t\t\t\t<div class=\"elementor-element elementor-element-59331b4 elementor-widget elementor-widget-spacer\" data-id=\"59331b4\" data-element_type=\"widget\" data-e-type=\"widget\" data-widget_type=\"spacer.default\">\n\t\t\t\t<div class=\"elementor-widget-container\">\n\t\t\t\t\t\t\t<div class=\"elementor-spacer\">\n\t\t\t<div class=\"elementor-spacer-inner\"><\/div>\n\t\t<\/div>\n\t\t\t\t\t\t<\/div>\n\t\t\t\t<\/div>\n\t\t\t\t<div class=\"elementor-element elementor-element-87b15ca elementor-invisible elementor-widget elementor-widget-heading\" data-id=\"87b15ca\" data-element_type=\"widget\" data-e-type=\"widget\" data-settings=\"{&quot;_animation&quot;:&quot;slideInUp&quot;}\" data-widget_type=\"heading.default\">\n\t\t\t\t<div class=\"elementor-widget-container\">\n\t\t\t\t\t<h2 class=\"elementor-heading-title elementor-size-default\">Nuestro equipo<\/h2>\t\t\t\t<\/div>\n\t\t\t\t<\/div>\n\t\t\t\t<section class=\"elementor-section elementor-inner-section elementor-element elementor-element-c612b93 elementor-section-boxed elementor-section-height-default elementor-section-height-default wpr-particle-no wpr-jarallax-no wpr-parallax-no wpr-sticky-section-no wpr-equal-height-no\" data-id=\"c612b93\" data-element_type=\"section\" data-e-type=\"section\">\n\t\t\t\t\t\t<div class=\"elementor-container elementor-column-gap-default\">\n\t\t\t\t\t<div class=\"elementor-column elementor-col-50 elementor-inner-column elementor-element elementor-element-cacb7c7\" data-id=\"cacb7c7\" data-element_type=\"column\" data-e-type=\"column\">\n\t\t\t<div class=\"elementor-widget-wrap elementor-element-populated\">\n\t\t\t\t\t\t<div class=\"elementor-element elementor-element-e07f215 elementor-widget elementor-widget-tp-flip-box\" data-id=\"e07f215\" data-element_type=\"widget\" data-e-type=\"widget\" data-widget_type=\"tp-flip-box.default\">\n\t\t\t\t<div class=\"elementor-widget-container\">\n\t\t\t\t\t<div class=\"pt_plus_info_box flip_box69fbc092ac84e info-box-style_5\"  data-id=\"flip_box69fbc092ac84e\" ><div class=\"post-inner-loop\"><div class=\"info-box-inner content_hover_effect\"><div class=\"info-box-bg-box\"><div class=\"service-flipbox flip-horizontal height-full\"><div class=\"service-flipbox-holder height-full text-center perspective bezier-1\"\t><div class=\"service-flipbox-front  bezier-1 no-backface origin-center\"><div class=\"service-flipbox-content width-full\"><img fetchpriority=\"high\" decoding=\"async\" width=\"500\" height=\"500\" src=\"https:\/\/3pstudios.com.co\/wp-content\/uploads\/2024\/07\/jony.jpg\" class=\"service-img\" alt=\"\" srcset=\"https:\/\/3pstudios.com.co\/wp-content\/uploads\/2024\/07\/jony.jpg 500w, https:\/\/3pstudios.com.co\/wp-content\/uploads\/2024\/07\/jony-300x300.jpg 300w, https:\/\/3pstudios.com.co\/wp-content\/uploads\/2024\/07\/jony-150x150.jpg 150w\" sizes=\"(max-width: 500px) 100vw, 500px\" \/><div class=\"service-content\"><div class=\"service-title\"> Jhon Fredy Ospina <\/div><\/div><\/div><div class=\"infobox-front-overlay\"><\/div><\/div><div class=\"service-flipbox-back  fold-back-horizontal no-backface bezier-1 origin-center\"><div class=\"service-flipbox-content width-full\"><div class=\"service-desc\"> <p>Director creativo y co-fundador de 3P Studios. Jhon Fredy tiene un ojo agudo para la est\u00e9tica y un talento innato para la direcci\u00f3n art\u00edstica. Su visi\u00f3n creativa gu\u00eda los proyectos desde la concepci\u00f3n hasta la finalizaci\u00f3n, asegurando que cada pieza producida por 3P Studios sea \u00fanica e impactante.<\/p> <\/div><\/div><div class=\"infobox-back-overlay\"><\/div><\/div><\/div><\/div><\/div><\/div><\/div><\/div>\t\t\t\t<\/div>\n\t\t\t\t<\/div>\n\t\t\t\t\t<\/div>\n\t\t<\/div>\n\t\t\t\t<div class=\"elementor-column elementor-col-50 elementor-inner-column elementor-element elementor-element-67f9d37\" data-id=\"67f9d37\" data-element_type=\"column\" data-e-type=\"column\">\n\t\t\t<div class=\"elementor-widget-wrap elementor-element-populated\">\n\t\t\t\t\t\t<div class=\"elementor-element elementor-element-89cce84 elementor-widget elementor-widget-tp-flip-box\" data-id=\"89cce84\" data-element_type=\"widget\" data-e-type=\"widget\" data-widget_type=\"tp-flip-box.default\">\n\t\t\t\t<div class=\"elementor-widget-container\">\n\t\t\t\t\t<div class=\"pt_plus_info_box flip_box69fbc092ad93c info-box-style_5\"  data-id=\"flip_box69fbc092ad93c\" ><div class=\"post-inner-loop\"><div class=\"info-box-inner content_hover_effect\"><div class=\"info-box-bg-box\"><div class=\"service-flipbox flip-horizontal height-full\"><div class=\"service-flipbox-holder height-full text-center perspective bezier-1\"\t><div class=\"service-flipbox-front  bezier-1 no-backface origin-center\"><div class=\"service-flipbox-content width-full\"><img decoding=\"async\" width=\"500\" height=\"500\" src=\"https:\/\/3pstudios.com.co\/wp-content\/uploads\/2024\/07\/maria.jpg\" class=\"service-img\" alt=\"\" srcset=\"https:\/\/3pstudios.com.co\/wp-content\/uploads\/2024\/07\/maria.jpg 500w, https:\/\/3pstudios.com.co\/wp-content\/uploads\/2024\/07\/maria-300x300.jpg 300w, https:\/\/3pstudios.com.co\/wp-content\/uploads\/2024\/07\/maria-150x150.jpg 150w\" sizes=\"(max-width: 500px) 100vw, 500px\" \/><div class=\"service-content\"><div class=\"service-title\"> Mar\u00eda Isabel Pareja <\/div><\/div><\/div><div class=\"infobox-front-overlay\"><\/div><\/div><div class=\"service-flipbox-back  fold-back-horizontal no-backface bezier-1 origin-center\"><div class=\"service-flipbox-content width-full\"><div class=\"service-desc\"> <p>Co-fundadora y montajista principal de 3P Studios. Con una pasi\u00f3n por la comunicaci\u00f3n audiovisual, Maria Isabel aporta su talento y experiencia en la edici\u00f3n de video, asegurando que cada proyecto tenga un acabado profesional y atractivo. Es conocida por su atenci\u00f3n al detalle y su capacidad para contar historias a trav\u00e9s de la edici\u00f3n.<\/p> <\/div><\/div><div class=\"infobox-back-overlay\"><\/div><\/div><\/div><\/div><\/div><\/div><\/div><\/div>\t\t\t\t<\/div>\n\t\t\t\t<\/div>\n\t\t\t\t\t<\/div>\n\t\t<\/div>\n\t\t\t\t\t<\/div>\n\t\t<\/section>\n\t\t\t\t<div class=\"elementor-element elementor-element-02fd7df elementor-widget elementor-widget-spacer\" data-id=\"02fd7df\" data-element_type=\"widget\" data-e-type=\"widget\" data-widget_type=\"spacer.default\">\n\t\t\t\t<div class=\"elementor-widget-container\">\n\t\t\t\t\t\t\t<div class=\"elementor-spacer\">\n\t\t\t<div class=\"elementor-spacer-inner\"><\/div>\n\t\t<\/div>\n\t\t\t\t\t\t<\/div>\n\t\t\t\t<\/div>\n\t\t\t\t\t<\/div>\n\t\t<\/div>\n\t\t\t\t\t<\/div>\n\t\t<\/section>\n\t\t\t\t<\/div>","protected":false},"excerpt":{"rendered":"<p>3P Studios 3P Studios es una productora audiovisual con un enfoque cinematogr\u00e1fico, ubicada en Medell\u00edn, Colombia. Con m\u00e1s de 8 a\u00f1os de experiencia en la industria, nos hemos consolidado como una empresa importante en la creaci\u00f3n de contenido audiovisual de alta calidad. En 3P Studios, nos enorgullecemos de nuestra capacidad para contar historias a trav\u00e9s del lenguaje cinematogr\u00e1fico, aprovechando la sesibilidad y la creatividad para hacerlo Nuestro equipo Jhon Fredy Ospina Director creativo y co-fundador de 3P Studios. Jhon Fredy tiene un ojo agudo para la est\u00e9tica y un talento innato para la direcci\u00f3n art\u00edstica. Su visi\u00f3n creativa gu\u00eda los proyectos desde la concepci\u00f3n hasta la finalizaci\u00f3n, asegurando que cada pieza producida por 3P Studios sea \u00fanica e impactante. Mar\u00eda Isabel Pareja Co-fundadora y montajista principal de 3P Studios. Con una pasi\u00f3n por la comunicaci\u00f3n audiovisual, Maria Isabel aporta su talento y experiencia en la edici\u00f3n de video, asegurando que cada proyecto tenga un acabado profesional y atractivo. Es conocida por su atenci\u00f3n al detalle y su capacidad para contar historias a trav\u00e9s de la edici\u00f3n.<\/p>","protected":false},"author":1,"featured_media":0,"parent":0,"menu_order":0,"comment_status":"closed","ping_status":"closed","template":"","meta":{"site-sidebar-layout":"no-sidebar","site-content-layout":"page-builder","ast-site-content-layout":"full-width-container","site-content-style":"unboxed","site-sidebar-style":"unboxed","ast-global-header-display":"","ast-banner-title-visibility":"","ast-main-header-display":"","ast-hfb-above-header-display":"","ast-hfb-below-header-display":"","ast-hfb-mobile-header-display":"","site-post-title":"disabled","ast-breadcrumbs-content":"","ast-featured-img":"disabled","footer-sml-layout":"","ast-disable-related-posts":"","theme-transparent-header-meta":"","adv-header-id-meta":"","stick-header-meta":"","header-above-stick-meta":"","header-main-stick-meta":"","header-below-stick-meta":"","astra-migrate-meta-layouts":"set","ast-page-background-enabled":"default","ast-page-background-meta":{"desktop":{"background-color":"var(--ast-global-color-4)","background-image":"","background-repeat":"repeat","background-position":"center center","background-size":"auto","background-attachment":"scroll","background-type":"","background-media":"","overlay-type":"","overlay-color":"","overlay-opacity":"","overlay-gradient":""},"tablet":{"background-color":"","background-image":"","background-repeat":"repeat","background-position":"center center","background-size":"auto","background-attachment":"scroll","background-type":"","background-media":"","overlay-type":"","overlay-color":"","overlay-opacity":"","overlay-gradient":""},"mobile":{"background-color":"","background-image":"","background-repeat":"repeat","background-position":"center center","background-size":"auto","background-attachment":"scroll","background-type":"","background-media":"","overlay-type":"","overlay-color":"","overlay-opacity":"","overlay-gradient":""}},"ast-content-background-meta":{"desktop":{"background-color":"var(--ast-global-color-5)","background-image":"","background-repeat":"repeat","background-position":"center center","background-size":"auto","background-attachment":"scroll","background-type":"","background-media":"","overlay-type":"","overlay-color":"","overlay-opacity":"","overlay-gradient":""},"tablet":{"background-color":"var(--ast-global-color-5)","background-image":"","background-repeat":"repeat","background-position":"center center","background-size":"auto","background-attachment":"scroll","background-type":"","background-media":"","overlay-type":"","overlay-color":"","overlay-opacity":"","overlay-gradient":""},"mobile":{"background-color":"var(--ast-global-color-5)","background-image":"","background-repeat":"repeat","background-position":"center center","background-size":"auto","background-attachment":"scroll","background-type":"","background-media":"","overlay-type":"","overlay-color":"","overlay-opacity":"","overlay-gradient":""}},"_joinchat":[],"footnotes":""},"class_list":["post-38","page","type-page","status-publish","hentry"],"_links":{"self":[{"href":"https:\/\/3pstudios.com.co\/en\/wp-json\/wp\/v2\/pages\/38","targetHints":{"allow":["GET"]}}],"collection":[{"href":"https:\/\/3pstudios.com.co\/en\/wp-json\/wp\/v2\/pages"}],"about":[{"href":"https:\/\/3pstudios.com.co\/en\/wp-json\/wp\/v2\/types\/page"}],"author":[{"embeddable":true,"href":"https:\/\/3pstudios.com.co\/en\/wp-json\/wp\/v2\/users\/1"}],"replies":[{"embeddable":true,"href":"https:\/\/3pstudios.com.co\/en\/wp-json\/wp\/v2\/comments?post=38"}],"version-history":[{"count":69,"href":"https:\/\/3pstudios.com.co\/en\/wp-json\/wp\/v2\/pages\/38\/revisions"}],"predecessor-version":[{"id":4334,"href":"https:\/\/3pstudios.com.co\/en\/wp-json\/wp\/v2\/pages\/38\/revisions\/4334"}],"wp:attachment":[{"href":"https:\/\/3pstudios.com.co\/en\/wp-json\/wp\/v2\/media?parent=38"}],"curies":[{"name":"wp","href":"https:\/\/api.w.org\/{rel}","templated":true}]}}