{"id":49,"date":"2022-01-20T20:59:09","date_gmt":"2022-01-20T20:59:09","guid":{"rendered":"https:\/\/3pstudios.com.co\/?page_id=49"},"modified":"2026-03-11T22:29:44","modified_gmt":"2026-03-11T22:29:44","slug":"contactenos","status":"publish","type":"page","link":"https:\/\/3pstudios.com.co\/en\/contactenos\/","title":{"rendered":"CONTACT US"},"content":{"rendered":"<style>.elementor-49 .elementor-element.elementor-element-42c43d8 > .elementor-container{max-width:835px;}.elementor-49 .elementor-element.elementor-element-42c43d8:not(.elementor-motion-effects-element-type-background), .elementor-49 .elementor-element.elementor-element-42c43d8 > .elementor-motion-effects-container > .elementor-motion-effects-layer{background-color:#000000;}.elementor-49 .elementor-element.elementor-element-42c43d8 > .elementor-background-overlay{background-size:cover;opacity:0.14;transition:background 0.3s, border-radius 0.3s, opacity 0.3s;}.elementor-49 .elementor-element.elementor-element-42c43d8{transition:background 0.3s, border 0.3s, border-radius 0.3s, box-shadow 0.3s;margin-top:0px;margin-bottom:0px;}.elementor-49 .elementor-element.elementor-element-0035509{--spacer-size:50px;}.elementor-widget-heading .elementor-heading-title{font-family:var( --e-global-typography-primary-font-family ), Sans-serif;font-weight:var( --e-global-typography-primary-font-weight );color:var( --e-global-color-primary );}.elementor-49 .elementor-element.elementor-element-37d219d{text-align:center;}.elementor-49 .elementor-element.elementor-element-37d219d .elementor-heading-title{font-family:\"Armata\", Sans-serif;font-weight:400;letter-spacing:1px;color:#FFD200;}.elementor-widget-text-editor{font-family:var( --e-global-typography-text-font-family ), Sans-serif;font-weight:var( --e-global-typography-text-font-weight );color:var( --e-global-color-text );}.elementor-widget-text-editor.elementor-drop-cap-view-stacked .elementor-drop-cap{background-color:var( --e-global-color-primary );}.elementor-widget-text-editor.elementor-drop-cap-view-framed .elementor-drop-cap, .elementor-widget-text-editor.elementor-drop-cap-view-default .elementor-drop-cap{color:var( --e-global-color-primary );border-color:var( --e-global-color-primary );}.elementor-49 .elementor-element.elementor-element-9d308bf{text-align:center;font-family:\"Armata\", Sans-serif;font-size:20px;font-weight:400;color:#FBFBFB;}.elementor-49 .elementor-element.elementor-element-9d308bf > .elementor-widget-container{margin:0px 0px -35px 0px;}.elementor-widget-divider{--divider-color:var( --e-global-color-secondary );}.elementor-widget-divider .elementor-divider__text{color:var( --e-global-color-secondary );font-family:var( --e-global-typography-secondary-font-family ), Sans-serif;font-weight:var( --e-global-typography-secondary-font-weight );}.elementor-widget-divider.elementor-view-stacked .elementor-icon{background-color:var( --e-global-color-secondary );}.elementor-widget-divider.elementor-view-framed .elementor-icon, .elementor-widget-divider.elementor-view-default .elementor-icon{color:var( --e-global-color-secondary );border-color:var( --e-global-color-secondary );}.elementor-widget-divider.elementor-view-framed .elementor-icon, .elementor-widget-divider.elementor-view-default .elementor-icon svg{fill:var( --e-global-color-secondary );}.elementor-49 .elementor-element.elementor-element-fee509b{--divider-border-style:solid;--divider-color:#A2A2A2;--divider-border-width:3px;}.elementor-49 .elementor-element.elementor-element-fee509b .elementor-divider-separator{width:50%;margin:0 auto;margin-center:0;}.elementor-49 .elementor-element.elementor-element-fee509b .elementor-divider{text-align:center;padding-block-start:15px;padding-block-end:15px;}.elementor-49 .elementor-element.elementor-element-31d7d4c:not(.elementor-motion-effects-element-type-background), .elementor-49 .elementor-element.elementor-element-31d7d4c > .elementor-motion-effects-container > .elementor-motion-effects-layer{background-color:#000000;}.elementor-49 .elementor-element.elementor-element-31d7d4c{transition:background 0.3s, border 0.3s, border-radius 0.3s, box-shadow 0.3s;}.elementor-49 .elementor-element.elementor-element-31d7d4c > .elementor-background-overlay{transition:background 0.3s, border-radius 0.3s, opacity 0.3s;}.elementor-widget-eael-wpforms .eael-contact-form-description, .elementor-widget-eael-wpforms .wpforms-description{font-family:var( --e-global-typography-accent-font-family ), Sans-serif;font-weight:var( --e-global-typography-accent-font-weight );}.elementor-widget-eael-wpforms .eael-wpforms .wpforms-field label, .elementor-widget-eael-wpforms .eael-wpforms .wpforms-field legend{font-family:var( --e-global-typography-accent-font-family ), Sans-serif;font-weight:var( --e-global-typography-accent-font-weight );}.elementor-widget-eael-wpforms .eael-wpforms .wpforms-field input:not([type=radio]):not([type=checkbox]):not([type=submit]):not([type=button]):not([type=image]):not([type=file]), .elementor-widget-eael-wpforms .eael-wpforms .wpforms-field textarea, .elementor-widget-eael-wpforms .eael-wpforms .wpforms-field select{font-family:var( --e-global-typography-accent-font-family ), Sans-serif;font-weight:var( --e-global-typography-accent-font-weight );}.elementor-widget-eael-wpforms .eael-wpforms .wpforms-submit-container .wpforms-submit{font-family:var( --e-global-typography-accent-font-family ), Sans-serif;font-weight:var( --e-global-typography-accent-font-weight );}.elementor-49 .elementor-element.elementor-element-589777f .eael-wpforms label.wpforms-error{display:block !important;color:#FFFFFF;}.elementor-49 .elementor-element.elementor-element-589777f .wpforms-container{max-width:657px;width:657px;}.elementor-49 .elementor-element.elementor-element-589777f .wpforms-head-container, .elementor-49 .elementor-element.elementor-element-589777f .eael-wpforms-heading{text-align:left;}.elementor-49 .elementor-element.elementor-element-589777f .eael-contact-form-title, .elementor-49 .elementor-element.elementor-element-589777f .wpforms-title{color:#FFFFFF;}.elementor-49 .elementor-element.elementor-element-589777f .eael-wpforms .wpforms-field label, .elementor-49 .elementor-element.elementor-element-589777f .eael-wpforms .wpforms-field legend{color:#FFD200;}.elementor-49 .elementor-element.elementor-element-589777f .eael-wpforms .wpforms-field input:not([type=radio]):not([type=checkbox]):not([type=submit]):not([type=button]):not([type=image]):not([type=file]), .elementor-49 .elementor-element.elementor-element-589777f .eael-wpforms .wpforms-field textarea, .elementor-49 .elementor-element.elementor-element-589777f .eael-wpforms .wpforms-field select{text-align:left;}.elementor-49 .elementor-element.elementor-element-589777f .eael-wpforms .wpforms-field input:not([type=radio]):not([type=checkbox]):not([type=submit]):not([type=button]):not([type=image]):not([type=file]), .elementor-49 .elementor-element.elementor-element-589777f .eael-wpforms .wpforms-field select{height:30px;}.elementor-49 .elementor-element.elementor-element-589777f .eael-wpforms .wpforms-field .wpforms-field-description, .elementor-49 .elementor-element.elementor-element-589777f .eael-wpforms .wpforms-field .wpforms-field-sublabel{color:#5F5F5F;}.elementor-49 .elementor-element.elementor-element-589777f .eael-wpforms .wpforms-submit-container{text-align:left;}.elementor-49 .elementor-element.elementor-element-589777f .eael-wpforms .wpforms-submit-container .wpforms-submit{display:inline-block;width:99px;background-color:#FFD200;color:#000000;}.elementor-49 .elementor-element.elementor-element-589777f .eael-wpforms .wpforms-submit-container .wpforms-submit:hover, \n                    .elementor-49 .elementor-element.elementor-element-589777f .eael-wpforms .wpforms-container-full .wpforms-submit-container .wpforms-form button[type=submit]:hover{background:#292929 !important;}.elementor-49 .elementor-element.elementor-element-589777f .eael-wpforms .wpforms-submit-container .wpforms-submit:hover{color:#FFD200;}.elementor-49 .elementor-element.elementor-element-589777f .eael-wpforms .wpforms-error{color:#FFFFFF;}.elementor-49 .elementor-element.elementor-element-589777f .eael-wpforms input.wpforms-error{border-color:#000000;border-width:1px;}.elementor-49 .elementor-element.elementor-element-589777f .eael-wpforms textarea.wpforms-error{border-color:#000000;border-width:1px;}.elementor-49 .elementor-element.elementor-element-589777f{width:var( --container-widget-width, 100.222% );max-width:100.222%;--container-widget-width:100.222%;--container-widget-flex-grow:0;}.elementor-49 .elementor-element.elementor-element-a3eb938{--spacer-size:50px;}.elementor-49 .elementor-element.elementor-element-e779dc0{text-align:start;}.elementor-49 .elementor-element.elementor-element-e779dc0 .elementor-heading-title{font-family:\"Armata\", Sans-serif;font-size:20px;font-weight:400;letter-spacing:1px;color:#FFD200;}.elementor-49 .elementor-element.elementor-element-64d7e47{text-align:start;font-family:\"Armata\", Sans-serif;font-size:15px;font-weight:400;color:#FBFBFB;}.elementor-49 .elementor-element.elementor-element-64d7e47 > .elementor-widget-container{margin:-15px 0px 0px 0px;}.elementor-49 .elementor-element.elementor-element-8fb1bf1{text-align:start;}.elementor-49 .elementor-element.elementor-element-8fb1bf1 .elementor-heading-title{font-family:\"Armata\", Sans-serif;font-size:20px;font-weight:400;letter-spacing:1px;color:#FFD200;}.elementor-49 .elementor-element.elementor-element-55942d3{--grid-template-columns:repeat(0, auto);--grid-column-gap:5px;--grid-row-gap:0px;}.elementor-49 .elementor-element.elementor-element-55942d3 .elementor-widget-container{text-align:center;}@media(min-width:768px){.elementor-49 .elementor-element.elementor-element-6273856{width:59.91%;}.elementor-49 .elementor-element.elementor-element-1721dd6{width:39.422%;}}<\/style>\t\t<div data-elementor-type=\"wp-page\" data-elementor-id=\"49\" class=\"elementor elementor-49\">\n\t\t\t\t\t\t<section class=\"elementor-section elementor-top-section elementor-element elementor-element-42c43d8 elementor-section-boxed elementor-section-height-default elementor-section-height-default wpr-particle-no wpr-jarallax-no wpr-parallax-no wpr-sticky-section-no wpr-equal-height-no\" data-id=\"42c43d8\" data-element_type=\"section\" data-e-type=\"section\" data-settings=\"{&quot;background_background&quot;:&quot;classic&quot;}\">\n\t\t\t\t\t\t\t<div class=\"elementor-background-overlay\"><\/div>\n\t\t\t\t\t\t\t<div class=\"elementor-container elementor-column-gap-default\">\n\t\t\t\t\t<div class=\"elementor-column elementor-col-100 elementor-top-column elementor-element elementor-element-77d8060\" data-id=\"77d8060\" data-element_type=\"column\" data-e-type=\"column\">\n\t\t\t<div class=\"elementor-widget-wrap elementor-element-populated\">\n\t\t\t\t\t\t<div class=\"elementor-element elementor-element-0035509 elementor-widget elementor-widget-spacer\" data-id=\"0035509\" data-element_type=\"widget\" data-e-type=\"widget\" data-widget_type=\"spacer.default\">\n\t\t\t\t<div class=\"elementor-widget-container\">\n\t\t\t\t\t\t\t<div class=\"elementor-spacer\">\n\t\t\t<div class=\"elementor-spacer-inner\"><\/div>\n\t\t<\/div>\n\t\t\t\t\t\t<\/div>\n\t\t\t\t<\/div>\n\t\t\t\t<div class=\"elementor-element elementor-element-37d219d elementor-invisible elementor-widget elementor-widget-heading\" data-id=\"37d219d\" data-element_type=\"widget\" data-e-type=\"widget\" data-settings=\"{&quot;_animation&quot;:&quot;fadeInUp&quot;}\" data-widget_type=\"heading.default\">\n\t\t\t\t<div class=\"elementor-widget-container\">\n\t\t\t\t\t<h2 class=\"elementor-heading-title elementor-size-default\">Contact us<\/h2>\t\t\t\t<\/div>\n\t\t\t\t<\/div>\n\t\t\t\t<div class=\"elementor-element elementor-element-9d308bf elementor-invisible elementor-widget elementor-widget-text-editor\" data-id=\"9d308bf\" data-element_type=\"widget\" data-e-type=\"widget\" data-settings=\"{&quot;_animation&quot;:&quot;fadeInDown&quot;}\" data-widget_type=\"text-editor.default\">\n\t\t\t\t<div class=\"elementor-widget-container\">\n\t\t\t\t\t\t\t\t\t<p>Please writeus if you have any questions or comments<\/p>\t\t\t\t\t\t\t\t<\/div>\n\t\t\t\t<\/div>\n\t\t\t\t<div class=\"elementor-element elementor-element-fee509b elementor-widget-divider--view-line elementor-invisible elementor-widget elementor-widget-divider\" data-id=\"fee509b\" data-element_type=\"widget\" data-e-type=\"widget\" data-settings=\"{&quot;_animation&quot;:&quot;zoomIn&quot;}\" data-widget_type=\"divider.default\">\n\t\t\t\t<div class=\"elementor-widget-container\">\n\t\t\t\t\t\t\t<div class=\"elementor-divider\">\n\t\t\t<span class=\"elementor-divider-separator\">\n\t\t\t\t\t\t<\/span>\n\t\t<\/div>\n\t\t\t\t\t\t<\/div>\n\t\t\t\t<\/div>\n\t\t\t\t\t<\/div>\n\t\t<\/div>\n\t\t\t\t\t<\/div>\n\t\t<\/section>\n\t\t\t\t<section class=\"elementor-section elementor-top-section elementor-element elementor-element-31d7d4c elementor-section-stretched elementor-section-boxed elementor-section-height-default elementor-section-height-default wpr-particle-no wpr-jarallax-no wpr-parallax-no wpr-sticky-section-no wpr-equal-height-no\" data-id=\"31d7d4c\" data-element_type=\"section\" data-e-type=\"section\" data-settings=\"{&quot;stretch_section&quot;:&quot;section-stretched&quot;,&quot;background_background&quot;:&quot;classic&quot;}\">\n\t\t\t\t\t\t<div class=\"elementor-container elementor-column-gap-default\">\n\t\t\t\t\t<div class=\"elementor-column elementor-col-66 elementor-top-column elementor-element elementor-element-6273856\" data-id=\"6273856\" data-element_type=\"column\" data-e-type=\"column\">\n\t\t\t<div class=\"elementor-widget-wrap elementor-element-populated\">\n\t\t\t\t\t\t<div class=\"elementor-element elementor-element-589777f elementor-widget__width-initial eael-wpforms-labels-yes eael-wpforms-form-button-custom elementor-widget elementor-widget-eael-wpforms\" data-id=\"589777f\" data-element_type=\"widget\" data-e-type=\"widget\" data-widget_type=\"eael-wpforms.default\">\n\t\t\t\t<div class=\"elementor-widget-container\">\n\t\t\t\t\t            <div class=\"eael-contact-form eael-wpforms eael-wpforms-align-left\">\n                                <div class=\"wpforms-container wpforms-container-full wpforms-render-modern\" id=\"wpforms-4137\"><form id=\"wpforms-form-4137\" class=\"wpforms-validate wpforms-form wpforms-ajax-form\" data-formid=\"4137\" method=\"post\" enctype=\"multipart\/form-data\" action=\"\/en\/wp-json\/wp\/v2\/pages\/49\" data-token=\"2571b9ed9c3854f04589ec289b9ddd79\" data-token-time=\"1778152927\" data-trp-original-action=\"\/en\/wp-json\/wp\/v2\/pages\/49\"><noscript class=\"wpforms-error-noscript\">Please enable JavaScript in your browser to complete this form.<\/noscript><div id=\"wpforms-error-noscript\" style=\"display: none;\">Please enable JavaScript in your browser to complete this form.<\/div><div class=\"wpforms-field-container\"><div id=\"wpforms-4137-field_0-container\" class=\"wpforms-field wpforms-field-name\" data-field-id=\"0\"><fieldset><legend class=\"wpforms-field-label\">Nombre <span class=\"wpforms-required-label\" aria-hidden=\"true\">*<\/span><\/legend><div class=\"wpforms-field-row wpforms-field-medium\"><div class=\"wpforms-field-row-block wpforms-first wpforms-one-half\"><input type=\"text\" id=\"wpforms-4137-field_0\" class=\"wpforms-field-name-first wpforms-field-required\" name=\"wpforms[fields][0][first]\" aria-errormessage=\"wpforms-4137-field_0-error\" required><label for=\"wpforms-4137-field_0\" class=\"wpforms-field-sublabel after\">First<\/label><\/div><div class=\"wpforms-field-row-block wpforms-one-half\"><input type=\"text\" id=\"wpforms-4137-field_0-last\" class=\"wpforms-field-name-last wpforms-field-required\" name=\"wpforms[fields][0][last]\" aria-errormessage=\"wpforms-4137-field_0-last-error\" required><label for=\"wpforms-4137-field_0-last\" class=\"wpforms-field-sublabel after\">Last<\/label><\/div><\/div><\/fieldset><\/div><div id=\"wpforms-4137-field_1-container\" class=\"wpforms-field wpforms-field-email\" data-field-id=\"1\"><label class=\"wpforms-field-label\" for=\"wpforms-4137-field_1\">Correo electr\u00f3nico <span class=\"wpforms-required-label\" aria-hidden=\"true\">*<\/span><\/label><input type=\"email\" id=\"wpforms-4137-field_1\" class=\"wpforms-field-medium wpforms-field-required\" name=\"wpforms[fields][1]\" spellcheck=\"false\" aria-errormessage=\"wpforms-4137-field_1-error\" required><\/div><div id=\"wpforms-4137-field_2-container\" class=\"wpforms-field wpforms-field-textarea\" data-field-id=\"2\"><label class=\"wpforms-field-label\" for=\"wpforms-4137-field_2\">Comentario o mensaje<\/label><textarea id=\"wpforms-4137-field_2\" class=\"wpforms-field-medium\" name=\"wpforms[fields][2]\" aria-errormessage=\"wpforms-4137-field_2-error\" ><\/textarea><\/div><\/div><!-- .wpforms-field-container --><div class=\"wpforms-submit-container\" ><input type=\"hidden\" name=\"wpforms[id]\" value=\"4137\"><input type=\"hidden\" name=\"page_title\" value=\"\"><input type=\"hidden\" name=\"page_url\" value=\"https:\/\/3pstudios.com.co\/en\/wp-json\/wp\/v2\/pages\/49\"><input type=\"hidden\" name=\"url_referer\" value=\"\"><button type=\"submit\" name=\"wpforms[submit]\" id=\"wpforms-submit-4137\" class=\"wpforms-submit\" data-alt-text=\"Enviando...\" data-submit-text=\"Enviar\" aria-live=\"assertive\" value=\"wpforms-submit\">Send<\/button><img decoding=\"async\" src=\"https:\/\/3pstudios.com.co\/wp-content\/plugins\/wpforms-lite\/assets\/images\/submit-spin.svg\" class=\"wpforms-submit-spinner\" style=\"display: none;\" width=\"26\" height=\"26\" alt=\"Loading\"><\/div><input type=\"hidden\" name=\"trp-form-language\" value=\"en\"\/><\/form><\/div>  <!-- .wpforms-container -->            <\/div>\n\t\t\t\t<\/div>\n\t\t\t\t<\/div>\n\t\t\t\t\t<\/div>\n\t\t<\/div>\n\t\t\t\t<div class=\"elementor-column elementor-col-33 elementor-top-column elementor-element elementor-element-1721dd6\" data-id=\"1721dd6\" data-element_type=\"column\" data-e-type=\"column\">\n\t\t\t<div class=\"elementor-widget-wrap elementor-element-populated\">\n\t\t\t\t\t\t<div class=\"elementor-element elementor-element-a3eb938 elementor-widget elementor-widget-spacer\" data-id=\"a3eb938\" data-element_type=\"widget\" data-e-type=\"widget\" data-widget_type=\"spacer.default\">\n\t\t\t\t<div class=\"elementor-widget-container\">\n\t\t\t\t\t\t\t<div class=\"elementor-spacer\">\n\t\t\t<div class=\"elementor-spacer-inner\"><\/div>\n\t\t<\/div>\n\t\t\t\t\t\t<\/div>\n\t\t\t\t<\/div>\n\t\t\t\t<div class=\"elementor-element elementor-element-e779dc0 elementor-invisible elementor-widget elementor-widget-heading\" data-id=\"e779dc0\" data-element_type=\"widget\" data-e-type=\"widget\" data-settings=\"{&quot;_animation&quot;:&quot;fadeInUp&quot;}\" data-widget_type=\"heading.default\">\n\t\t\t\t<div class=\"elementor-widget-container\">\n\t\t\t\t\t<h2 class=\"elementor-heading-title elementor-size-default\">Direcci\u00f3n<\/h2>\t\t\t\t<\/div>\n\t\t\t\t<\/div>\n\t\t\t\t<div class=\"elementor-element elementor-element-64d7e47 elementor-invisible elementor-widget elementor-widget-text-editor\" data-id=\"64d7e47\" data-element_type=\"widget\" data-e-type=\"widget\" data-settings=\"{&quot;_animation&quot;:&quot;fadeInDown&quot;}\" data-widget_type=\"text-editor.default\">\n\t\t\t\t<div class=\"elementor-widget-container\">\n\t\t\t\t\t\t\t\t\t<p>Please writeus if you have any questions or comments<\/p>\t\t\t\t\t\t\t\t<\/div>\n\t\t\t\t<\/div>\n\t\t\t\t<div class=\"elementor-element elementor-element-8fb1bf1 elementor-invisible elementor-widget elementor-widget-heading\" data-id=\"8fb1bf1\" data-element_type=\"widget\" data-e-type=\"widget\" data-settings=\"{&quot;_animation&quot;:&quot;fadeInUp&quot;}\" data-widget_type=\"heading.default\">\n\t\t\t\t<div class=\"elementor-widget-container\">\n\t\t\t\t\t<h2 class=\"elementor-heading-title elementor-size-default\">Redes sociales<\/h2>\t\t\t\t<\/div>\n\t\t\t\t<\/div>\n\t\t\t\t<div class=\"elementor-element elementor-element-55942d3 elementor-shape-rounded elementor-grid-0 e-grid-align-center elementor-widget elementor-widget-social-icons\" data-id=\"55942d3\" data-element_type=\"widget\" data-e-type=\"widget\" data-widget_type=\"social-icons.default\">\n\t\t\t\t<div class=\"elementor-widget-container\">\n\t\t\t\t\t\t\t<div class=\"elementor-social-icons-wrapper elementor-grid\" role=\"list\">\n\t\t\t\t\t\t\t<span class=\"elementor-grid-item\" role=\"listitem\">\n\t\t\t\t\t<a class=\"elementor-icon elementor-social-icon elementor-social-icon-facebook elementor-repeater-item-4fcedb2\" href=\"https:\/\/www.facebook.com\/3pstudiosf\/\" target=\"_blank\">\n\t\t\t\t\t\t<span class=\"elementor-screen-only\">Facebook<\/span>\n\t\t\t\t\t\t<i aria-hidden=\"true\" class=\"fab fa-facebook\"><\/i>\t\t\t\t\t<\/a>\n\t\t\t\t<\/span>\n\t\t\t\t\t\t\t<span class=\"elementor-grid-item\" role=\"listitem\">\n\t\t\t\t\t<a class=\"elementor-icon elementor-social-icon elementor-social-icon-youtube elementor-repeater-item-a8bbbf0\" href=\"https:\/\/www.youtube.com\/@3pEstudios\" target=\"_blank\">\n\t\t\t\t\t\t<span class=\"elementor-screen-only\">Youtube<\/span>\n\t\t\t\t\t\t<i aria-hidden=\"true\" class=\"fab fa-youtube\"><\/i>\t\t\t\t\t<\/a>\n\t\t\t\t<\/span>\n\t\t\t\t\t\t\t<span class=\"elementor-grid-item\" role=\"listitem\">\n\t\t\t\t\t<a class=\"elementor-icon elementor-social-icon elementor-social-icon-instagram elementor-repeater-item-a3d9af1\" href=\"https:\/\/www.instagram.com\/3pstudios\/\" target=\"_blank\">\n\t\t\t\t\t\t<span class=\"elementor-screen-only\">Instagram<\/span>\n\t\t\t\t\t\t<i aria-hidden=\"true\" class=\"fab fa-instagram\"><\/i>\t\t\t\t\t<\/a>\n\t\t\t\t<\/span>\n\t\t\t\t\t<\/div>\n\t\t\t\t\t\t<\/div>\n\t\t\t\t<\/div>\n\t\t\t\t\t<\/div>\n\t\t<\/div>\n\t\t\t\t\t<\/div>\n\t\t<\/section>\n\t\t\t\t<\/div>","protected":false},"excerpt":{"rendered":"<p>Cont\u00e1ctenos Escr\u00edbanos si tiene alguna duda o comentario Por favor, activa JavaScript en tu navegador para completar este formulario.Por favor, activa JavaScript en tu navegador para completar este formulario. Nombre * NombreApellidos Correo electr\u00f3nico *Comentario o mensaje Enviar Direcci\u00f3n Escr\u00edbanos si tiene alguna duda o comentario Redes sociales Facebook Youtube Instagram<\/p>","protected":false},"author":1,"featured_media":0,"parent":0,"menu_order":0,"comment_status":"closed","ping_status":"closed","template":"","meta":{"site-sidebar-layout":"no-sidebar","site-content-layout":"page-builder","ast-site-content-layout":"default","site-content-style":"default","site-sidebar-style":"default","ast-global-header-display":"","ast-banner-title-visibility":"","ast-main-header-display":"","ast-hfb-above-header-display":"","ast-hfb-below-header-display":"","ast-hfb-mobile-header-display":"","site-post-title":"disabled","ast-breadcrumbs-content":"","ast-featured-img":"disabled","footer-sml-layout":"","ast-disable-related-posts":"","theme-transparent-header-meta":"","adv-header-id-meta":"","stick-header-meta":"","header-above-stick-meta":"","header-main-stick-meta":"","header-below-stick-meta":"","astra-migrate-meta-layouts":"default","ast-page-background-enabled":"default","ast-page-background-meta":{"desktop":{"background-color":"var(--ast-global-color-4)","background-image":"","background-repeat":"repeat","background-position":"center center","background-size":"auto","background-attachment":"scroll","background-type":"","background-media":"","overlay-type":"","overlay-color":"","overlay-opacity":"","overlay-gradient":""},"tablet":{"background-color":"","background-image":"","background-repeat":"repeat","background-position":"center center","background-size":"auto","background-attachment":"scroll","background-type":"","background-media":"","overlay-type":"","overlay-color":"","overlay-opacity":"","overlay-gradient":""},"mobile":{"background-color":"","background-image":"","background-repeat":"repeat","background-position":"center center","background-size":"auto","background-attachment":"scroll","background-type":"","background-media":"","overlay-type":"","overlay-color":"","overlay-opacity":"","overlay-gradient":""}},"ast-content-background-meta":{"desktop":{"background-color":"var(--ast-global-color-5)","background-image":"","background-repeat":"repeat","background-position":"center center","background-size":"auto","background-attachment":"scroll","background-type":"","background-media":"","overlay-type":"","overlay-color":"","overlay-opacity":"","overlay-gradient":""},"tablet":{"background-color":"var(--ast-global-color-5)","background-image":"","background-repeat":"repeat","background-position":"center center","background-size":"auto","background-attachment":"scroll","background-type":"","background-media":"","overlay-type":"","overlay-color":"","overlay-opacity":"","overlay-gradient":""},"mobile":{"background-color":"var(--ast-global-color-5)","background-image":"","background-repeat":"repeat","background-position":"center center","background-size":"auto","background-attachment":"scroll","background-type":"","background-media":"","overlay-type":"","overlay-color":"","overlay-opacity":"","overlay-gradient":""}},"_joinchat":[],"footnotes":""},"class_list":["post-49","page","type-page","status-publish","hentry"],"_links":{"self":[{"href":"https:\/\/3pstudios.com.co\/en\/wp-json\/wp\/v2\/pages\/49","targetHints":{"allow":["GET"]}}],"collection":[{"href":"https:\/\/3pstudios.com.co\/en\/wp-json\/wp\/v2\/pages"}],"about":[{"href":"https:\/\/3pstudios.com.co\/en\/wp-json\/wp\/v2\/types\/page"}],"author":[{"embeddable":true,"href":"https:\/\/3pstudios.com.co\/en\/wp-json\/wp\/v2\/users\/1"}],"replies":[{"embeddable":true,"href":"https:\/\/3pstudios.com.co\/en\/wp-json\/wp\/v2\/comments?post=49"}],"version-history":[{"count":34,"href":"https:\/\/3pstudios.com.co\/en\/wp-json\/wp\/v2\/pages\/49\/revisions"}],"predecessor-version":[{"id":4338,"href":"https:\/\/3pstudios.com.co\/en\/wp-json\/wp\/v2\/pages\/49\/revisions\/4338"}],"wp:attachment":[{"href":"https:\/\/3pstudios.com.co\/en\/wp-json\/wp\/v2\/media?parent=49"}],"curies":[{"name":"wp","href":"https:\/\/api.w.org\/{rel}","templated":true}]}}